{"id":2612,"date":"2023-11-12T17:41:54","date_gmt":"2023-11-12T16:41:54","guid":{"rendered":"https:\/\/www.lapiqurederappel.fr\/?page_id=2612"},"modified":"2023-11-12T17:53:06","modified_gmt":"2023-11-12T16:53:06","slug":"404-2","status":"publish","type":"page","link":"https:\/\/www.lapiqurederappel.fr\/en\/404-2\/","title":{"rendered":"404"},"content":{"rendered":"<div class=\"n2_clear\"><ss3-force-full-width data-overflow-x=\"body\" data-horizontal-selector=\"body\"><div class=\"n2-section-smartslider fitvidsignore  n2_clear\" data-ssid=\"4\" tabindex=\"0\" role=\"region\" aria-label=\"Slider\"><div id=\"n2-ss-4-align\" class=\"n2-ss-align\"><div class=\"n2-padding\"><div id=\"n2-ss-4\" data-creator=\"Smart Slider 3\" data-responsive=\"fullwidth\" class=\"n2-ss-slider n2-ow n2-has-hover n2notransition  \">\n        <div class=\"n2-ss-slider-1 n2_ss__touch_element n2-ow\">\n            <div class=\"n2-ss-slider-2 n2-ow\">\n                                                <div class=\"n2-ss-slider-3 n2-ow\">\n\n                    <div class=\"n2-ss-slide-backgrounds n2-ow-all\"><div class=\"n2-ss-slide-background\" data-public-id=\"1\" data-mode=\"fill\"><div class=\"n2-ss-slide-background-image\" data-blur=\"0\" data-opacity=\"49\" data-x=\"100\" data-y=\"47\" data-alt=\"\" data-title=\"\" style=\"opacity:0.49;--ss-o-pos-x:100%;--ss-o-pos-y:47%\"><picture class=\"skip-lazy\" data-skip-lazy=\"1\"><source srcset=\"\/\/www.lapiqurederappel.fr\/wp-content\/uploads\/slider\/cache\/c28e767ec0c6919f33c8ed0c17524ede\/404.webp\" type=\"image\/webp\" media=\"(max-width: 500px)\" class=\"skip-lazy\" data-skip-lazy=\"1\"><source srcset=\"\/\/www.lapiqurederappel.fr\/wp-content\/uploads\/slider\/cache\/cabb4e6bc33cea7b8d5e12ae89679bfd\/404.webp\" type=\"image\/webp\" media=\"(max-width: 1200px)\" class=\"skip-lazy\" data-skip-lazy=\"1\"><source srcset=\"\/\/www.lapiqurederappel.fr\/wp-content\/uploads\/slider\/cache\/15ad84cbb51f2e9c179c89b1ee77f185\/404.webp\" type=\"image\/webp\" class=\"skip-lazy\" data-skip-lazy=\"1\"><img decoding=\"async\" src=\"\/\/www.lapiqurederappel.fr\/wp-content\/uploads\/slider\/cache\/dbce7ac1839d12324640646f55e16137\/404.jpg\" alt=\"\" title=\"\" loading=\"lazy\" class=\"skip-lazy\" data-skip-lazy=\"1\"><\/picture><\/div><div data-color=\"RGBA(0,0,0,1)\" style=\"background-color: RGBA(0,0,0,1);\" class=\"n2-ss-slide-background-color\"><\/div><\/div><\/div>                    <div class=\"n2-ss-slider-4 n2-ow\">\n                        <svg xmlns=\"http:\/\/www.w3.org\/2000\/svg\" viewBox=\"0 0 1200 800\" data-related-device=\"desktopPortrait\" class=\"n2-ow n2-ss-preserve-size n2-ss-preserve-size--slider n2-ss-slide-limiter\"><\/svg><div data-first=\"1\" data-slide-duration=\"0\" data-id=\"36\" data-slide-public-id=\"1\" data-title=\"404\" class=\"n2-ss-slide n2-ow  n2-ss-slide-36\"><div role=\"note\" class=\"n2-ss-slide--focus\" tabindex=\"-1\">404<\/div><div class=\"n2-ss-layers-container n2-ss-slide-limiter n2-ow\"><div class=\"n2-ss-layer n2-ow n-uc-lsWv0qJmqF4L\" data-sstype=\"slide\" data-pm=\"default\"><div class=\"n2-ss-layer n2-ow n-uc-19d4eb7df7de0\" data-pm=\"default\" data-sstype=\"content\" data-hasbackground=\"0\"><div class=\"n2-ss-section-main-content n2-ss-layer-with-background n2-ss-layer-content n2-ow n-uc-19d4eb7df7de0-inner\"><div class=\"n2-ss-layer n2-ow n2-ss-layer--block n2-ss-has-self-align n2-ss-stretch-layer n-uc-10aa7b094d4bb\" data-pm=\"normal\" data-sstype=\"row\"><div class=\"n2-ss-layer-row n2-ss-layer-with-background n-uc-10aa7b094d4bb-inner\"><div class=\"n2-ss-layer-row-inner \"><div class=\"n2-ss-layer n2-ow n-uc-115eeaf4fcb4c\" data-pm=\"default\" data-sstype=\"col\"><div class=\"n2-ss-layer-col n2-ss-layer-with-background n2-ss-layer-content n-uc-115eeaf4fcb4c-inner\"><div class=\"n2-ss-layer n2-ow n-uc-g1OBzJiO625C\" data-pm=\"normal\" data-animv2=\"{&quot;basic&quot;:{&quot;in&quot;:{&quot;type&quot;:&quot;basic&quot;,&quot;name&quot;:&quot;Top fade&quot;,&quot;keyFrames&quot;:[{&quot;delay&quot;:0.1,&quot;opacity&quot;:0,&quot;y&quot;:&quot;-20&quot;}]}}}\" data-sstype=\"layer\"><div id=\"n2-ss-4item1\" class=\"n2-font-7a06e40860993a0027cadd189f2cfb99-hover   n2-ss-item-content n2-ss-text n2-ow\" style=\"display:block;\"><\/div><\/div><div class=\"n2-ss-layer n2-ow n-uc-h2LHXBYr1z9V\" data-pm=\"normal\" data-animv2=\"{&quot;basic&quot;:{&quot;in&quot;:{&quot;type&quot;:&quot;basic&quot;,&quot;name&quot;:&quot;Flou&quot;,&quot;keyFrames&quot;:[{&quot;opacity&quot;:0,&quot;n2blur&quot;:10}]}}}\" data-sstype=\"layer\"><div id=\"n2-ss-4item2\" class=\"n2-ss-animated-heading-wrapper n2-font-be05d6f44626411ede4e4e6aeab077e7-highlight  n2-style-4abd201242d81e39afa08f691f9386b5-highlight  n2-ss-item-content n2-ss-text n2-ow-all\"><ss-text class=\"n2-ss-animated-heading-before\">La page que vous recherchez<\/ss-text> <ss-text class=\"n2-highlighted n2-ss-animated-heading-i\" data-animation-type=\"slide-down\" data-delay=\"200\" data-show-duration=\"1200\" data-loop=\"1\"><div class=\"n2-ss-animated-heading-i2\"><div class=\"n2-ss-animated-heading-i-text\">a \u00e9t\u00e9 d\u00e9plac\u00e9<\/div><div class=\"n2-ss-animated-heading-i-text\">renomm\u00e9<\/div><div class=\"n2-ss-animated-heading-i-text\">ou n&rsquo;a jamais exist\u00e9<\/div><\/div><\/ss-text><\/div><\/div><\/div><\/div><\/div><\/div><\/div><\/div><\/div><\/div><\/div><\/div>                    <\/div>\n\n                    <div id=\"n2-ss-4-shape-divider-bottom\" class=\"n2-ss-shape-divider n2-ss-shape-divider-bottom\" data-ss-sd-animate=\"0\" data-ss-sd-scroll=\"0\" data-ss-sd-speed=\"100\" data-ss-sd-side=\"bottom\" aria-hidden=\"true\"><div class=\"n2-ss-shape-divider-inner\"><svg xmlns=\"http:\/\/www.w3.org\/2000\/svg\" viewBox=\"0 0 1920 121\" preserveAspectRatio=\"none\"> <path fill='RGBA(0,0,0,1)' ease=\"easeOutQuad\" duration=\"1\" d=\"M0,123L1920,123L1920,6C1596,0,869,-26,0,108L0,123z\"><\/path><\/svg><\/div><\/div>                <\/div>\n            <\/div>\n        <\/div>\n        <\/div><ss3-loader><\/ss3-loader><\/div><\/div><div class=\"n2_clear\"><\/div><\/div><\/ss3-force-full-width><\/div>","protected":false},"excerpt":{"rendered":"","protected":false},"author":1,"featured_media":0,"parent":0,"menu_order":0,"comment_status":"closed","ping_status":"closed","template":"","meta":{"wikipediapreview_detectlinks":true,"footnotes":""},"class_list":["post-2612","page","type-page","status-publish","hentry"],"blocksy_meta":{"disable_featured_image":"yes","disable_share_box":"yes","disable_header":"no","disable_footer":"yes","styles_descriptor":{"styles":{"desktop":"","tablet":"","mobile":""},"google_fonts":[],"version":6}},"yoast_head":"<!-- This site is optimized with the Yoast SEO plugin v27.4 - https:\/\/yoast.com\/product\/yoast-seo-wordpress\/ -->\n<title>La Piqure de rappel<\/title>\n<meta name=\"description\" content=\"La Piqure de rappel\" \/>\n<meta name=\"robots\" content=\"index, follow, max-snippet:-1, max-image-preview:large, max-video-preview:-1\" \/>\n<link rel=\"canonical\" href=\"https:\/\/www.lapiqurederappel.fr\/en\/404-2\/\" \/>\n<meta property=\"og:locale\" content=\"en_GB\" \/>\n<meta property=\"og:type\" content=\"article\" \/>\n<meta property=\"og:title\" content=\"La Piqure de rappel\" \/>\n<meta property=\"og:description\" content=\"La Piqure de rappel\" \/>\n<meta property=\"og:url\" content=\"https:\/\/www.lapiqurederappel.fr\/en\/404-2\/\" \/>\n<meta property=\"og:site_name\" content=\"La Piqure de rappel\" \/>\n<meta property=\"article:publisher\" content=\"https:\/\/www.facebook.com\/LaPiqureDeRappel\/\" \/>\n<meta property=\"article:modified_time\" content=\"2023-11-12T16:53:06+00:00\" \/>\n<meta property=\"og:image\" content=\"https:\/\/www.lapiqurederappel.fr\/wp-content\/uploads\/2023\/08\/logo.png\" \/>\n\t<meta property=\"og:image:width\" content=\"279\" \/>\n\t<meta property=\"og:image:height\" content=\"279\" \/>\n\t<meta property=\"og:image:type\" content=\"image\/png\" \/>\n<meta name=\"twitter:card\" content=\"summary_large_image\" \/>\n<meta name=\"twitter:site\" content=\"@code_utah\" \/>\n<meta name=\"twitter:label1\" content=\"Estimated reading time\" \/>\n\t<meta name=\"twitter:data1\" content=\"1 minute\" \/>\n<script type=\"application\/ld+json\" class=\"yoast-schema-graph\">{\"@context\":\"https:\\\/\\\/schema.org\",\"@graph\":[{\"@type\":\"WebPage\",\"@id\":\"https:\\\/\\\/www.lapiqurederappel.fr\\\/404-2\\\/\",\"url\":\"https:\\\/\\\/www.lapiqurederappel.fr\\\/404-2\\\/\",\"name\":\"La Piqure de rappel\",\"isPartOf\":{\"@id\":\"https:\\\/\\\/www.lapiqurederappel.fr\\\/#website\"},\"datePublished\":\"2023-11-12T16:41:54+00:00\",\"dateModified\":\"2023-11-12T16:53:06+00:00\",\"description\":\"La Piqure de rappel\",\"breadcrumb\":{\"@id\":\"https:\\\/\\\/www.lapiqurederappel.fr\\\/404-2\\\/#breadcrumb\"},\"inLanguage\":\"en-GB\",\"potentialAction\":[{\"@type\":\"ReadAction\",\"target\":[\"https:\\\/\\\/www.lapiqurederappel.fr\\\/404-2\\\/\"]}]},{\"@type\":\"BreadcrumbList\",\"@id\":\"https:\\\/\\\/www.lapiqurederappel.fr\\\/404-2\\\/#breadcrumb\",\"itemListElement\":[{\"@type\":\"ListItem\",\"position\":1,\"name\":\"Accueil\",\"item\":\"https:\\\/\\\/www.lapiqurederappel.fr\\\/\"},{\"@type\":\"ListItem\",\"position\":2,\"name\":\"404\"}]},{\"@type\":\"WebSite\",\"@id\":\"https:\\\/\\\/www.lapiqurederappel.fr\\\/#website\",\"url\":\"https:\\\/\\\/www.lapiqurederappel.fr\\\/\",\"name\":\"La Piqure De Rappel\",\"description\":\"Le cin\u00e9ma vu par CodeUtah\",\"publisher\":{\"@id\":\"https:\\\/\\\/www.lapiqurederappel.fr\\\/#organization\"},\"alternateName\":\"La Piqure De Rappel\",\"potentialAction\":[{\"@type\":\"SearchAction\",\"target\":{\"@type\":\"EntryPoint\",\"urlTemplate\":\"https:\\\/\\\/www.lapiqurederappel.fr\\\/?s={search_term_string}\"},\"query-input\":{\"@type\":\"PropertyValueSpecification\",\"valueRequired\":true,\"valueName\":\"search_term_string\"}}],\"inLanguage\":\"en-GB\"},{\"@type\":\"Organization\",\"@id\":\"https:\\\/\\\/www.lapiqurederappel.fr\\\/#organization\",\"name\":\"La Piqure De Rappel\",\"url\":\"https:\\\/\\\/www.lapiqurederappel.fr\\\/\",\"logo\":{\"@type\":\"ImageObject\",\"inLanguage\":\"en-GB\",\"@id\":\"https:\\\/\\\/www.lapiqurederappel.fr\\\/#\\\/schema\\\/logo\\\/image\\\/\",\"url\":\"https:\\\/\\\/www.lapiqurederappel.fr\\\/wp-content\\\/uploads\\\/2023\\\/08\\\/logo.png\",\"contentUrl\":\"https:\\\/\\\/www.lapiqurederappel.fr\\\/wp-content\\\/uploads\\\/2023\\\/08\\\/logo.png\",\"width\":279,\"height\":279,\"caption\":\"La Piqure De Rappel\"},\"image\":{\"@id\":\"https:\\\/\\\/www.lapiqurederappel.fr\\\/#\\\/schema\\\/logo\\\/image\\\/\"},\"sameAs\":[\"https:\\\/\\\/www.facebook.com\\\/LaPiqureDeRappel\\\/\",\"https:\\\/\\\/x.com\\\/code_utah\",\"https:\\\/\\\/www.threads.net\\\/@code_utah\",\"https:\\\/\\\/bsky.app\\\/profile\\\/codeutah.bsky.social\",\"https:\\\/\\\/www.instagram.com\\\/code_utah\\\/\"]}]}<\/script>\n<!-- \/ Yoast SEO plugin. -->","yoast_head_json":{"title":"La Piqure De Rappel","description":"La Piqure De Rappel","robots":{"index":"index","follow":"follow","max-snippet":"max-snippet:-1","max-image-preview":"max-image-preview:large","max-video-preview":"max-video-preview:-1"},"canonical":"https:\/\/www.lapiqurederappel.fr\/en\/404-2\/","og_locale":"en_GB","og_type":"article","og_title":"La Piqure de rappel","og_description":"La Piqure de rappel","og_url":"https:\/\/www.lapiqurederappel.fr\/en\/404-2\/","og_site_name":"La Piqure de rappel","article_publisher":"https:\/\/www.facebook.com\/LaPiqureDeRappel\/","article_modified_time":"2023-11-12T16:53:06+00:00","og_image":[{"width":279,"height":279,"url":"https:\/\/www.lapiqurederappel.fr\/wp-content\/uploads\/2023\/08\/logo.png","type":"image\/png"}],"twitter_card":"summary_large_image","twitter_site":"@code_utah","twitter_misc":{"Estimated reading time":"1 minute"},"schema":{"@context":"https:\/\/schema.org","@graph":[{"@type":"WebPage","@id":"https:\/\/www.lapiqurederappel.fr\/404-2\/","url":"https:\/\/www.lapiqurederappel.fr\/404-2\/","name":"La Piqure De Rappel","isPartOf":{"@id":"https:\/\/www.lapiqurederappel.fr\/#website"},"datePublished":"2023-11-12T16:41:54+00:00","dateModified":"2023-11-12T16:53:06+00:00","description":"La Piqure De Rappel","breadcrumb":{"@id":"https:\/\/www.lapiqurederappel.fr\/404-2\/#breadcrumb"},"inLanguage":"en-GB","potentialAction":[{"@type":"ReadAction","target":["https:\/\/www.lapiqurederappel.fr\/404-2\/"]}]},{"@type":"BreadcrumbList","@id":"https:\/\/www.lapiqurederappel.fr\/404-2\/#breadcrumb","itemListElement":[{"@type":"ListItem","position":1,"name":"Accueil","item":"https:\/\/www.lapiqurederappel.fr\/"},{"@type":"ListItem","position":2,"name":"404"}]},{"@type":"WebSite","@id":"https:\/\/www.lapiqurederappel.fr\/#website","url":"https:\/\/www.lapiqurederappel.fr\/","name":"The booster shot","description":"Cinema seen by CodeUtah","publisher":{"@id":"https:\/\/www.lapiqurederappel.fr\/#organization"},"alternateName":"La Piqure De Rappel","potentialAction":[{"@type":"SearchAction","target":{"@type":"EntryPoint","urlTemplate":"https:\/\/www.lapiqurederappel.fr\/?s={search_term_string}"},"query-input":{"@type":"PropertyValueSpecification","valueRequired":true,"valueName":"search_term_string"}}],"inLanguage":"en-GB"},{"@type":"Organization","@id":"https:\/\/www.lapiqurederappel.fr\/#organization","name":"The booster shot","url":"https:\/\/www.lapiqurederappel.fr\/","logo":{"@type":"ImageObject","inLanguage":"en-GB","@id":"https:\/\/www.lapiqurederappel.fr\/#\/schema\/logo\/image\/","url":"https:\/\/www.lapiqurederappel.fr\/wp-content\/uploads\/2023\/08\/logo.png","contentUrl":"https:\/\/www.lapiqurederappel.fr\/wp-content\/uploads\/2023\/08\/logo.png","width":279,"height":279,"caption":"La Piqure De Rappel"},"image":{"@id":"https:\/\/www.lapiqurederappel.fr\/#\/schema\/logo\/image\/"},"sameAs":["https:\/\/www.facebook.com\/LaPiqureDeRappel\/","https:\/\/x.com\/code_utah","https:\/\/www.threads.net\/@code_utah","https:\/\/bsky.app\/profile\/codeutah.bsky.social","https:\/\/www.instagram.com\/code_utah\/"]}]}},"_links":{"self":[{"href":"https:\/\/www.lapiqurederappel.fr\/en\/wp-json\/wp\/v2\/pages\/2612","targetHints":{"allow":["GET"]}}],"collection":[{"href":"https:\/\/www.lapiqurederappel.fr\/en\/wp-json\/wp\/v2\/pages"}],"about":[{"href":"https:\/\/www.lapiqurederappel.fr\/en\/wp-json\/wp\/v2\/types\/page"}],"author":[{"embeddable":true,"href":"https:\/\/www.lapiqurederappel.fr\/en\/wp-json\/wp\/v2\/users\/1"}],"replies":[{"embeddable":true,"href":"https:\/\/www.lapiqurederappel.fr\/en\/wp-json\/wp\/v2\/comments?post=2612"}],"version-history":[{"count":3,"href":"https:\/\/www.lapiqurederappel.fr\/en\/wp-json\/wp\/v2\/pages\/2612\/revisions"}],"predecessor-version":[{"id":2616,"href":"https:\/\/www.lapiqurederappel.fr\/en\/wp-json\/wp\/v2\/pages\/2612\/revisions\/2616"}],"wp:attachment":[{"href":"https:\/\/www.lapiqurederappel.fr\/en\/wp-json\/wp\/v2\/media?parent=2612"}],"curies":[{"name":"wp","href":"https:\/\/api.w.org\/{rel}","templated":true}]}}